{"id":56,"date":"2020-06-30T16:32:25","date_gmt":"2020-06-30T16:32:25","guid":{"rendered":"https:\/\/prosoftom.com\/contact-us\/"},"modified":"2020-06-30T16:32:25","modified_gmt":"2020-06-30T16:32:25","slug":"contactar","status":"publish","type":"page","link":"https:\/\/prosoftom.com\/es\/contactar\/","title":{"rendered":"Contactar"},"content":{"rendered":"\n<p class=\"has-larger-font-size\"><strong>Contacta con nosotros rellenando este sencillo formulario de contacto. <\/strong>Te responderemos lo antes posible.<\/p>\n\n\n\n\n\n<p class=\"has-larger-font-size\"><strong>Tambi\u00e9n puede dejarnos un mensaje de voz aqu\u00ed:<\/strong><\/p>\n\n\n\n<iframe allow=\"microphone\" height=\"230px\" width=\"100%\" style=\"border: none\" data-src=\"https:\/\/login013.com\/vm\/go\/inline\/5fb965780e5e8\" src=\"data:image\/gif;base64,R0lGODlhAQABAAAAACH5BAEKAAEALAAAAAABAAEAAAICTAEAOw==\" class=\"lazyload\" data-load-mode=\"1\"><\/iframe>\n\n\n\n<p><strong>Informaci\u00f3n B\u00e1sica sobre Protecci\u00f3n de Datos:<\/strong><\/p>\n\n\n\n<p>Responsable: CONFORT ECONOMIA, S.A.<br>Finalidad: gestionar el env\u00edo de informaci\u00f3n y prospecci\u00f3n comercial y dar acceso a los productos online.<br>Legitimaci\u00f3n: consentimiento del interesado.<br>Destinatarios: no se ceden tus datos a terceros.<br>Derechos: acceder, rectificar y suprimir tus datos, as\u00ed como otros derechos como se explica en el Aviso Legal.<\/p>\n","protected":false},"excerpt":{"rendered":"<p>Contacta con nosotros rellenando este sencillo formulario de contacto. Te responderemos lo antes posible. Tambi\u00e9n puede dejarnos un mensaje de voz aqu\u00ed: Informaci\u00f3n B\u00e1sica sobre Protecci\u00f3n de Datos: Responsable: CONFORT ECONOMIA, S.A.Finalidad: gestionar el env\u00edo de informaci\u00f3n y prospecci\u00f3n comercial y dar acceso a los productos online.Legitimaci\u00f3n: consentimiento del interesado.Destinatarios: no se ceden tus datos [&hellip;]<\/p>\n","protected":false},"author":2,"featured_media":0,"parent":0,"menu_order":0,"comment_status":"closed","ping_status":"closed","template":"","meta":{"_monsterinsights_skip_tracking":false,"_monsterinsights_sitenote_active":false,"_monsterinsights_sitenote_note":"","_monsterinsights_sitenote_category":0,"footnotes":""},"categories":[],"tags":[],"class_list":["post-56","page","type-page","status-publish","hentry"],"yoast_head":"<!-- This site is optimized with the Yoast SEO Premium plugin v25.8 (Yoast SEO v25.9) - https:\/\/yoast.com\/wordpress\/plugins\/seo\/ -->\n<title>Contactar | ProSoftom | Profesional Software for Online Marketing<\/title>\n<meta name=\"robots\" content=\"index, follow, max-snippet:-1, max-image-preview:large, max-video-preview:-1\" \/>\n<link rel=\"canonical\" href=\"https:\/\/prosoftom.com\/es\/contactar\/\" \/>\n<meta property=\"og:locale\" content=\"es_ES\" \/>\n<meta property=\"og:type\" content=\"article\" \/>\n<meta property=\"og:title\" content=\"Contactar\" \/>\n<meta property=\"og:description\" content=\"Contacta con nosotros rellenando este sencillo formulario de contacto. Te responderemos lo antes posible. Tambi\u00e9n puede dejarnos un mensaje de voz aqu\u00ed: Informaci\u00f3n B\u00e1sica sobre Protecci\u00f3n de Datos: Responsable: CONFORT ECONOMIA, S.A.Finalidad: gestionar el env\u00edo de informaci\u00f3n y prospecci\u00f3n comercial y dar acceso a los productos online.Legitimaci\u00f3n: consentimiento del interesado.Destinatarios: no se ceden tus datos [&hellip;]\" \/>\n<meta property=\"og:url\" content=\"https:\/\/prosoftom.com\/es\/contactar\/\" \/>\n<meta property=\"og:site_name\" content=\"ProSoftom | Profesional Software for Online Marketing\" \/>\n<meta property=\"og:image\" content=\"https:\/\/prosoftom.com\/wp-content\/uploads\/2025\/01\/P.png\" \/>\n\t<meta property=\"og:image:width\" content=\"1024\" \/>\n\t<meta property=\"og:image:height\" content=\"1024\" \/>\n\t<meta property=\"og:image:type\" content=\"image\/png\" \/>\n<meta name=\"twitter:card\" content=\"summary_large_image\" \/>\n<script type=\"application\/ld+json\" class=\"yoast-schema-graph\">{\"@context\":\"https:\/\/schema.org\",\"@graph\":[{\"@type\":\"WebPage\",\"@id\":\"https:\/\/prosoftom.com\/es\/contactar\/\",\"url\":\"https:\/\/prosoftom.com\/es\/contactar\/\",\"name\":\"Contactar | ProSoftom | Profesional Software for Online Marketing\",\"isPartOf\":{\"@id\":\"https:\/\/prosoftom.com\/es\/#website\"},\"datePublished\":\"2020-06-30T16:32:25+00:00\",\"breadcrumb\":{\"@id\":\"https:\/\/prosoftom.com\/es\/contactar\/#breadcrumb\"},\"inLanguage\":\"es\",\"potentialAction\":[{\"@type\":\"ReadAction\",\"target\":[\"https:\/\/prosoftom.com\/es\/contactar\/\"]}]},{\"@type\":\"BreadcrumbList\",\"@id\":\"https:\/\/prosoftom.com\/es\/contactar\/#breadcrumb\",\"itemListElement\":[{\"@type\":\"ListItem\",\"position\":1,\"name\":\"Portada\",\"item\":\"https:\/\/prosoftom.com\/es\/\"},{\"@type\":\"ListItem\",\"position\":2,\"name\":\"Contactar\"}]},{\"@type\":\"WebSite\",\"@id\":\"https:\/\/prosoftom.com\/es\/#website\",\"url\":\"https:\/\/prosoftom.com\/es\/\",\"name\":\"ProSoftom\",\"description\":\"ProSoftom: Software y Cursos Expertos para Marketing Online con IA\",\"publisher\":{\"@id\":\"https:\/\/prosoftom.com\/es\/#organization\"},\"alternateName\":\"ProSoftom\",\"potentialAction\":[{\"@type\":\"SearchAction\",\"target\":{\"@type\":\"EntryPoint\",\"urlTemplate\":\"https:\/\/prosoftom.com\/es\/?s={search_term_string}\"},\"query-input\":{\"@type\":\"PropertyValueSpecification\",\"valueRequired\":true,\"valueName\":\"search_term_string\"}}],\"inLanguage\":\"es\"},{\"@type\":\"Organization\",\"@id\":\"https:\/\/prosoftom.com\/es\/#organization\",\"name\":\"ProSoftom\",\"alternateName\":\"ProSoftom\",\"url\":\"https:\/\/prosoftom.com\/es\/\",\"logo\":{\"@type\":\"ImageObject\",\"inLanguage\":\"es\",\"@id\":\"https:\/\/prosoftom.com\/es\/#\/schema\/logo\/image\/\",\"url\":\"https:\/\/prosoftom.com\/wp-content\/uploads\/2025\/03\/logoprosoftom540x170-preferido.png\",\"contentUrl\":\"https:\/\/prosoftom.com\/wp-content\/uploads\/2025\/03\/logoprosoftom540x170-preferido.png\",\"width\":540,\"height\":170,\"caption\":\"ProSoftom\"},\"image\":{\"@id\":\"https:\/\/prosoftom.com\/es\/#\/schema\/logo\/image\/\"}}]}<\/script>\n<!-- \/ Yoast SEO Premium plugin. -->","yoast_head_json":{"title":"Contactar | ProSoftom | Profesional Software for Online Marketing","robots":{"index":"index","follow":"follow","max-snippet":"max-snippet:-1","max-image-preview":"max-image-preview:large","max-video-preview":"max-video-preview:-1"},"canonical":"https:\/\/prosoftom.com\/es\/contactar\/","og_locale":"es_ES","og_type":"article","og_title":"Contactar","og_description":"Contacta con nosotros rellenando este sencillo formulario de contacto. Te responderemos lo antes posible. Tambi\u00e9n puede dejarnos un mensaje de voz aqu\u00ed: Informaci\u00f3n B\u00e1sica sobre Protecci\u00f3n de Datos: Responsable: CONFORT ECONOMIA, S.A.Finalidad: gestionar el env\u00edo de informaci\u00f3n y prospecci\u00f3n comercial y dar acceso a los productos online.Legitimaci\u00f3n: consentimiento del interesado.Destinatarios: no se ceden tus datos [&hellip;]","og_url":"https:\/\/prosoftom.com\/es\/contactar\/","og_site_name":"ProSoftom | Profesional Software for Online Marketing","og_image":[{"width":1024,"height":1024,"url":"https:\/\/prosoftom.com\/wp-content\/uploads\/2025\/01\/P.png","type":"image\/png"}],"twitter_card":"summary_large_image","schema":{"@context":"https:\/\/schema.org","@graph":[{"@type":"WebPage","@id":"https:\/\/prosoftom.com\/es\/contactar\/","url":"https:\/\/prosoftom.com\/es\/contactar\/","name":"Contactar | ProSoftom | Profesional Software for Online Marketing","isPartOf":{"@id":"https:\/\/prosoftom.com\/es\/#website"},"datePublished":"2020-06-30T16:32:25+00:00","breadcrumb":{"@id":"https:\/\/prosoftom.com\/es\/contactar\/#breadcrumb"},"inLanguage":"es","potentialAction":[{"@type":"ReadAction","target":["https:\/\/prosoftom.com\/es\/contactar\/"]}]},{"@type":"BreadcrumbList","@id":"https:\/\/prosoftom.com\/es\/contactar\/#breadcrumb","itemListElement":[{"@type":"ListItem","position":1,"name":"Portada","item":"https:\/\/prosoftom.com\/es\/"},{"@type":"ListItem","position":2,"name":"Contactar"}]},{"@type":"WebSite","@id":"https:\/\/prosoftom.com\/es\/#website","url":"https:\/\/prosoftom.com\/es\/","name":"ProSoftom","description":"ProSoftom: Software y Cursos Expertos para Marketing Online con IA","publisher":{"@id":"https:\/\/prosoftom.com\/es\/#organization"},"alternateName":"ProSoftom","potentialAction":[{"@type":"SearchAction","target":{"@type":"EntryPoint","urlTemplate":"https:\/\/prosoftom.com\/es\/?s={search_term_string}"},"query-input":{"@type":"PropertyValueSpecification","valueRequired":true,"valueName":"search_term_string"}}],"inLanguage":"es"},{"@type":"Organization","@id":"https:\/\/prosoftom.com\/es\/#organization","name":"ProSoftom","alternateName":"ProSoftom","url":"https:\/\/prosoftom.com\/es\/","logo":{"@type":"ImageObject","inLanguage":"es","@id":"https:\/\/prosoftom.com\/es\/#\/schema\/logo\/image\/","url":"https:\/\/prosoftom.com\/wp-content\/uploads\/2025\/03\/logoprosoftom540x170-preferido.png","contentUrl":"https:\/\/prosoftom.com\/wp-content\/uploads\/2025\/03\/logoprosoftom540x170-preferido.png","width":540,"height":170,"caption":"ProSoftom"},"image":{"@id":"https:\/\/prosoftom.com\/es\/#\/schema\/logo\/image\/"}}]}},"_hostinger_reach_plugin_has_subscription_block":false,"_hostinger_reach_plugin_is_elementor":false,"_links":{"self":[{"href":"https:\/\/prosoftom.com\/es\/wp-json\/wp\/v2\/pages\/56","targetHints":{"allow":["GET"]}}],"collection":[{"href":"https:\/\/prosoftom.com\/es\/wp-json\/wp\/v2\/pages"}],"about":[{"href":"https:\/\/prosoftom.com\/es\/wp-json\/wp\/v2\/types\/page"}],"author":[{"embeddable":true,"href":"https:\/\/prosoftom.com\/es\/wp-json\/wp\/v2\/users\/2"}],"replies":[{"embeddable":true,"href":"https:\/\/prosoftom.com\/es\/wp-json\/wp\/v2\/comments?post=56"}],"version-history":[{"count":0,"href":"https:\/\/prosoftom.com\/es\/wp-json\/wp\/v2\/pages\/56\/revisions"}],"wp:attachment":[{"href":"https:\/\/prosoftom.com\/es\/wp-json\/wp\/v2\/media?parent=56"}],"wp:term":[{"taxonomy":"category","embeddable":true,"href":"https:\/\/prosoftom.com\/es\/wp-json\/wp\/v2\/categories?post=56"},{"taxonomy":"post_tag","embeddable":true,"href":"https:\/\/prosoftom.com\/es\/wp-json\/wp\/v2\/tags?post=56"}],"curies":[{"name":"wp","href":"https:\/\/api.w.org\/{rel}","templated":true}]}}