{"id":151,"date":"2020-08-24T18:06:19","date_gmt":"2020-08-24T18:06:19","guid":{"rendered":"https:\/\/prosoftom.com\/?page_id=151"},"modified":"2020-08-24T18:06:19","modified_gmt":"2020-08-24T18:06:19","slug":"aviso-legal","status":"publish","type":"page","link":"https:\/\/prosoftom.com\/es\/aviso-legal\/","title":{"rendered":"Aviso Legal"},"content":{"rendered":"\n<h1 class=\"wp-block-heading\">AVISO LEGAL:<\/h1>\n\n\n\n<p>CONFORT ECONOMIA, S.A., como responsable de esta web, asume el compromiso de procesar la informaci\u00f3n de los usuarios y clientes con plenas garant\u00edas y cumplir con los requisitos nacionales y europeos que regulan la recopilaci\u00f3n y uso de los datos personales.<\/p>\n\n\n\n<p>Esta web, por tanto, cumple rigurosamente con&nbsp;<em>Ley Org\u00e1nica 3\/2018, de 5 de diciembre, de Protecci\u00f3n de Datos Personales y garant\u00eda de los derechos digitales (LOPDGDD)<\/em>. Cumple tambi\u00e9n con el&nbsp;<em>Reglamento (UE) 2016\/679 del Parlamento Europeo y del Consejo de 27 de abril de 2016 relativo a la protecci\u00f3n de las personas f\u00edsicas (RGPD)<\/em>, as\u00ed como con la&nbsp;<em>Ley 34\/2002, de 11 de julio, de Servicios de la Sociedad de la Informaci\u00f3n y Comercio Electr\u00f3nico (LSSICE \u00f3 LSSI).<\/em><\/p>\n\n\n\n<p>CONFORT ECONOMIA, S.A., a trav\u00e9s de su marca&nbsp;<strong>PROSOFTOM<\/strong>, es una empresa dedicada&nbsp;al marketing online y los negocios en internet.<\/p>\n\n\n\n<p>Con este Aviso Legal se regula el acceso, el uso y la relaci\u00f3n entre los usuarios y este sitio, al cual se puede acceder en la direcci\u00f3n de Internet https:\/\/prosoftom.com (en adelante website), y los usuarios de https:\/\/prosoftom.com (en adelante usuarios).<\/p>\n\n\n\n<p>El presente AVISO LEGAL es de obligada visualizaci\u00f3n para todos los usuarios, y regula las condiciones de acceso, uso y contrataci\u00f3n que deben ser observadas y acatadas por los usuarios de esta p\u00e1gina web y de todas las p\u00e1ginas incluidas en el&nbsp;<strong>dominio https:\/\/prosoftom.com<\/strong>, y&nbsp;<strong>todos los subdominios (por ejemplo https:\/\/en.prosoftom.com)<\/strong>.<\/p>\n\n\n\n<p><strong>Le rogamos que lea el presente Aviso Legal lo m\u00e1s atentamente posible<\/strong>, ya que el hecho de acceder al mismo implica que usted ha le\u00eddo y aceptado sin ninguna reserva las condiciones que siguen y sus Anexos inseparables.<\/p>\n\n\n\n<p>DATOS FISCALES.<\/p>\n\n\n\n<p>En cumplimiento del art\u00edculo 10 de la Ley 34\/2002, de 11 de julio, de Servicios de la Sociedad de la Informaci\u00f3n y Comercio Electr\u00f3nico, a continuaci\u00f3n se exponen los datos identificativos de la empresa.<\/p>\n\n\n\n<p><strong>Identidad del Responsable:<\/strong>&nbsp;CONFORT ECONOMIA, S.A.<\/p>\n\n\n\n<p><strong>NIF:<\/strong>&nbsp;A73366197<\/p>\n\n\n\n<p><strong>Domicilio:<\/strong>\u00a0Paseo Duques de Lugo, 24 \u2013 30009 Murcia \u2013 Espa\u00f1a<\/p>\n\n\n\n<p>Inscrita en el Registro Mercantil de Murcia: Tomo 2213, Folio 199, Hoja MU-52099.<\/p>\n\n\n\n<p><strong>Email:<\/strong><\/p>\n\n\n\n<ul class=\"wp-block-list\"><li>Para la p\u00e1gina en espa\u00f1ol: prosoftom@gmail.com<\/li><li>Para la p\u00e1gina en ingl\u00e9s: en.prosoftom@gmail.com<\/li><\/ul>\n\n\n\n<p><strong>Delegado de Protecci\u00f3n de Datos Personales:<\/strong>&nbsp;Lucas Valera Corbal\u00e1n<\/p>\n\n\n\n<p>CONFORT ECONOMIA, S.A. cumple con todos los tr\u00e1mites legales, administrativos y fiscales necesarios para el desarrollo de su actividad.<\/p>\n\n\n\n<p>Asimismo, se informa al usuario que se ponen a su disposici\u00f3n las siguientes&nbsp;<strong>v\u00edas de contacto<\/strong>:<\/p>\n\n\n\n<ul class=\"wp-block-list\"><li>por correo electr\u00f3nico: prosoftom@gmail.com; en.prosoftom@gmail.com<\/li><li>a trav\u00e9s de los formularios de contacto que puede encontrar en estas p\u00e1ginas:<ul><li>Para la p\u00e1gina en espa\u00f1ol:&nbsp;<a href=\"https:\/\/prosoftom.com\/contactar\" target=\"_blank\" aria-label=\"undefined (abre en una nueva pesta\u00f1a)\" rel=\"noreferrer noopener\">https:\/\/prosoftom.com\/contactar<\/a><\/li><\/ul><ul><li>Para la p\u00e1gina en ingl\u00e9s:&nbsp;<a href=\"https:\/\/en.prosoftom.com\/contact-us\" target=\"_blank\" aria-label=\"undefined (abre en una nueva pesta\u00f1a)\" rel=\"noreferrer noopener\">https:\/\/en.prosoftom.com\/contact-us<\/a><\/li><\/ul><ul><li>&nbsp;<\/li><\/ul><\/li><\/ul>\n\n\n\n<p><strong>El objetivo de este sitio Web<\/strong>&nbsp;es facilitar al p\u00fablico en general el conocimiento de las actividades que la empresa&nbsp;<strong>PROSOFTOM<\/strong>&nbsp;realiza, especialmente los lanzamientos de marketing online, para lo cual se hace uso del Podcast de Lanzamientos Online, y se describen para cada Lanzamiento Online las caracter\u00edsticas y funciones de los softwares o aplicaciones, incentivando&nbsp;la compra mediante la entrega de bonos.<\/p>\n\n\n\n<p><strong><u>CONDICIONES DE USO Y CONTRATACI\u00d3N.<\/u><\/strong><\/p>\n\n\n\n<p><strong>Acceda a&nbsp;<a href=\"https:\/\/prosoftom.com\/aviso-legal\/condiciones-uso-contratacion\/\" target=\"_blank\" aria-label=\"undefined (abre en una nueva pesta\u00f1a)\" rel=\"noreferrer noopener nofollow\">esta p\u00e1gina donde se establecen las Condiciones de Uso y Contrataci\u00f3n<\/a>&nbsp;con&nbsp;PROSOFTOM.<\/strong><\/p>\n\n\n\n<p><strong><u>DERECHOS DE PROPIEDAD INTELECTUAL E INDUSTRIAL.<\/u><\/strong><\/p>\n\n\n\n<p><strong>PROSOFTOM<\/strong>&nbsp;es Marca de CONFORT ECONOMIA, S.A.<\/p>\n\n\n\n<p>CONFORT ECONOMIA, S.A. es titular de los derechos de propiedad intelectual e industrial referidos a sus productos y servicios, y espec\u00edficamente de los relativos a la marca \u201c<strong>PROSOFTOM<\/strong>\u201c. Respecto a las citas de productos y servicios de terceros,&nbsp;<strong>PROSOFTOM<\/strong><strong>&nbsp;<\/strong>reconoce a favor de sus titulares los correspondientes derechos de propiedad industrial e intelectual, no implicando su sola menci\u00f3n o aparici\u00f3n en el web la existencia de derechos o responsabilidad alguna de CONFORT ECONOMIA, S.A. sobre los mismos.<\/p>\n\n\n\n<p><strong>PROSOFTOM<\/strong><strong>,&nbsp;CONFORT ECONOMIA, S.A.&nbsp;<\/strong>es titular de los derechos de Propiedad Intelectual de la totalidad de los contenidos de este sitio web, dise\u00f1o, estructura de navegaci\u00f3n, bases de datos y los distintos elementos en \u00e9l contenidos. En cualquier caso,&nbsp;<strong>PROSOFTOM<\/strong><strong>&nbsp;<\/strong>dispone de la correspondiente autorizaci\u00f3n para dar el uso convenido a sus contenidos.<\/p>\n\n\n\n<p>En el caso de la existencia en el sitio web de material gr\u00e1fico licenciado bajo las formas \u201cCreative Commons\u201d o de dominio p\u00fablico,&nbsp;<strong>PROSOFTOM<\/strong>&nbsp;se compromete a observar las condiciones de dicha licencia. En el caso de que por error no se cumplan dichas condiciones, el propietario de la titularidad de dichas licencias podr\u00e1 dirigir escrito a&nbsp;<strong>PROSOFTOM<\/strong>, con el fin de que se eliminen dichas im\u00e1genes o su uso se adapte a lo estipulado en su respectiva licencia. Queda terminantemente prohibido el enlace externo a dichas im\u00e1genes o su utilizaci\u00f3n, uso o descarga desde nuestro sitio web&nbsp;<a href=\"https:\/\/prosoftom.com\/\">https:\/\/prosoftom.com<\/a>&nbsp;con el fin de proteger el correcto uso de dichas licencias.<\/p>\n\n\n\n<p>En el caso de la existencia en el sitio web de material gr\u00e1fico perteneciente a terceros propietarios, dicho material es utilizado desde el website de&nbsp;<strong>PROSOFTOM<\/strong><strong>&nbsp;<\/strong>\u00fanicamente con el fin de promocionar, publicitar y comercializar los productos que dicho material representa, y siempre con el deseo de cumplir todas las condiciones y restricciones sobre el uso del mismo que el titular de los derechos imponga, dentro del correcto desarrollo de la actividad entre cliente y proveedor. Lo mismo es de aplicaci\u00f3n para marcas y nombres comerciales cuyos productos o servicios comercialice&nbsp;<strong>PROSOFTOM<\/strong><strong>&nbsp;<\/strong>en virtud de relaci\u00f3n comercial con su titular. En el caso de discrepancias al respecto, el titular de los derechos dispone en el sitio web de canales adecuados para solicitar su modificaci\u00f3n o cese de uso.<\/p>\n\n\n\n<p><strong><u>Prohibiciones y Autorizaciones.<\/u><\/strong><\/p>\n\n\n\n<p>Queda terminantemente prohibida la reproducci\u00f3n -total o parcial, incluso para uso privado-, la puesta a disposici\u00f3n del p\u00fablico y en general cualquier otra forma de explotaci\u00f3n de todos o parte de los contenidos de este sitio web, as\u00ed como su dise\u00f1o. Quedan incluidos en la calificaci\u00f3n de contenidos las im\u00e1genes, dise\u00f1o, descripciones y cuantos elementos formen parte parcial o total del sitio web. Estos actos de explotaci\u00f3n s\u00f3lo podr\u00e1n ser realizados mediante la autorizaci\u00f3n expresa de&nbsp;<strong>PROSOFTOM<\/strong>&nbsp;y siempre que se haga referencia expl\u00edcita a la titularidad de&nbsp;<strong>PROSOFTOM<\/strong><strong>&nbsp;<\/strong>de dichos derechos de Propiedad Intelectual. En este sentido, aquellas personas f\u00edsicas o jur\u00eddicas que deseen establecer cualquier tipo de enlace electr\u00f3nico o hiperlink entre su p\u00e1gina web y cualquier contenido de este sitio web, tendr\u00e1n que solicitar la autorizaci\u00f3n expresa y por escrito de&nbsp;<strong>PROSOFTOM<\/strong>, sin que esto implique necesariamente una relaci\u00f3n entre&nbsp;<strong>PROSOFTOM<\/strong><strong>&nbsp;<\/strong>y el titular de la p\u00e1gina en la cual se establece el enlace web, ni la aprobaci\u00f3n o aceptaci\u00f3n por parte de CONFORT ECONOMIA, S.A.&nbsp;<strong>PROSOFTOM<\/strong>&nbsp;de sus contenidos o servicios.<\/p>\n\n\n\n<p>Se autoriza la visualizaci\u00f3n, impresi\u00f3n y descarga parcial del contenido de la web s\u00f3lo y exclusivamente si se realiza con el exclusivo \u00e1nimo de obtener la informaci\u00f3n contenida para uso personal y privado.<\/p>\n\n\n\n<p>Se proh\u00edbe expresamente su utilizaci\u00f3n con fines comerciales ajenos a los propios de&nbsp;<strong>PROSOFTOM<\/strong><strong>&nbsp;<\/strong>o para su distribuci\u00f3n, comunicaci\u00f3n p\u00fablica no autorizada, transformaci\u00f3n o descompilaci\u00f3n.<\/p>\n\n\n\n<p>Queda expresamente prohibido el copiado sistem\u00e1tico, autom\u00e1tico o generalizado del sitio web.<\/p>\n\n\n\n<p>Queda terminantemente prohibido realizar, sin el previo consentimiento de&nbsp;<strong>PROSOFTOM<\/strong>, cualquier manipulaci\u00f3n o alteraci\u00f3n de este sitio web. Consecuentemente,&nbsp;<strong>PROSOFTOM<\/strong><strong>&nbsp;<\/strong>no asumir\u00e1 responsabilidad alguna derivada, o que pudiera derivarse, de dicha alteraci\u00f3n o manipulaci\u00f3n por parte de terceros.<\/p>\n\n\n\n<p>La utilizaci\u00f3n no autorizada de la informaci\u00f3n contenida en esta web, su reventa, as\u00ed como la lesi\u00f3n de los derechos de Propiedad Intelectual o Industrial de CONFORT ECONOMIA, S.A. dar\u00e1n lugar a las responsabilidades legalmente establecidas.<\/p>\n\n\n\n<p><strong><u>Limitaci\u00f3n de la responsabilidad<\/u><\/strong><\/p>\n\n\n\n<p>A trav\u00e9s de este sitio web,&nbsp;<strong>PROSOFTOM<\/strong><strong>&nbsp;<\/strong>les proporciona y les da acceso a datos, programas, opiniones, cr\u00edticas o informaciones, cualesquiera que sea su origen, a trav\u00e9s de su red o redes.&nbsp;<strong>PROSOFTOM<\/strong><strong>&nbsp;<\/strong>no garantiza la calidad, exactitud, fiabilidad, correcci\u00f3n o moralidad de los contenidos arriba referidos; consecuentemente, el usuario acepta expresamente dejar a&nbsp;<strong>PROSOFTOM<\/strong><strong>&nbsp;<\/strong>exento de cualquier responsabilidad en relaci\u00f3n a lo anterior, y asume bajo su exclusiva responsabilidad las consecuencias, da\u00f1os o acciones que pudieran derivarse del acceso a dichos contenidos, as\u00ed como a su uso, reproducci\u00f3n o difusi\u00f3n. Lo se\u00f1alado en el p\u00e1rrafo anterior es tambi\u00e9n aplicable a los bonos entregados en los lanzamientos de marketing online.<\/p>\n\n\n\n<p><strong>PROSOFTOM<\/strong><strong>&nbsp;<\/strong>hace todos los esfuerzos dentro de sus medios para ofrecer la informaci\u00f3n contenida en el sitio web de forma veraz y sin errores tipogr\u00e1ficos. En el caso de que en alg\u00fan momento se produzca un error de este tipo, ajeno en todo momento a la voluntad de&nbsp;<strong>PROSOFTOM<\/strong>, se proceder\u00e1 a su correcci\u00f3n de forma inmediata desde el momento en que&nbsp;<strong>PROSOFTOM<\/strong><strong>&nbsp;<\/strong>tenga constancia del mismo. De existir alg\u00fan error tipogr\u00e1fico en alguno de los precios mostrados y alg\u00fan cliente hubiera tomado una decisi\u00f3n de compra basada en dicho error,&nbsp;<strong>PROSOFTOM<\/strong><strong>&nbsp;<\/strong>comunicar\u00e1 al cliente dicho error, y el cliente tendr\u00e1 derecho a rescindir su compra sin ning\u00fan coste por su parte.<\/p>\n\n\n\n<p>Los contenidos del sitio web podr\u00edan, en ocasiones, mostrar informaci\u00f3n provisional sobre la naturaleza de algunos productos.<\/p>\n\n\n\n<p><strong>PROSOFTOM<\/strong><strong>,<\/strong>&nbsp;no es responsable, ni directa ni indirectamente, de ninguna de las informaciones, contenidos, afirmaciones y expresiones que contengan los productos o servicios comercializados por el sitio web&nbsp;<a href=\"https:\/\/prosoftom.com\/\">https:\/\/prosoftom.com<\/a>. Dicha responsabilidad recae en todo momento en los fabricantes o distribuidores de dichos productos o servicios. El cliente entiende que&nbsp;<strong>PROSOFTOM<\/strong><strong>&nbsp;<\/strong>es un mero intermediario entre \u00e9l y dicho fabricante o distribuidor.<\/p>\n\n\n\n<p>Los productos y servicios expuestos en este sitio web nos son facilitados por sus respectivos fabricantes\/distribuidores para su comercializaci\u00f3n, por tanto&nbsp;<strong>PROSOFTOM<\/strong><strong>&nbsp;<\/strong>no se hace responsable de la inexactitud o veracidad de los datos e informaciones relativos a los mismos.<\/p>\n\n\n\n<p><strong>POL\u00cdTICA DE PRIVACIDAD.<\/strong><\/p>\n\n\n\n<p>Puede leer completamente&nbsp;<a href=\"https:\/\/prosoftom.com\/aviso-legal\/politica-de-privacidad\/\" target=\"_blank\" aria-label=\"undefined (abre en una nueva pesta\u00f1a)\" rel=\"noreferrer noopener nofollow\">nuestra Pol\u00edtica de Privacidad en esta p\u00e1gina (Pinche Aqu\u00ed para Acceder)<\/a>.<\/p>\n\n\n\n<p>POL\u00cdTICA DE COOKIES.<\/p>\n\n\n\n<p>Visite las siguientes p\u00e1ginas para informarse de nuestra pol\u00edtica de cookies:<\/p>\n\n\n\n<p><a href=\"https:\/\/prosoftom.com\/aviso-legal\/politica-de-cookies\/\" target=\"_blank\" aria-label=\"undefined (abre en una nueva pesta\u00f1a)\" rel=\"noreferrer noopener nofollow\">Pol\u00edtica de cookies<\/a>.<br><a href=\"https:\/\/prosoftom.com\/aviso-legal\/mas-informacion-las-cookies\/\" target=\"_blank\" aria-label=\"undefined (abre en una nueva pesta\u00f1a)\" rel=\"noreferrer noopener nofollow\">M\u00e1s informaci\u00f3n sobre las cookies<\/a>.<\/p>\n","protected":false},"excerpt":{"rendered":"<p>AVISO LEGAL: CONFORT ECONOMIA, S.A., como responsable de esta web, asume el compromiso de procesar la informaci\u00f3n de los usuarios y clientes con plenas garant\u00edas y cumplir con los requisitos nacionales y europeos que regulan la recopilaci\u00f3n y uso de los datos personales. Esta web, por tanto, cumple rigurosamente con&nbsp;Ley Org\u00e1nica 3\/2018, de 5 de [&hellip;]<\/p>\n","protected":false},"author":2,"featured_media":0,"parent":0,"menu_order":0,"comment_status":"closed","ping_status":"closed","template":"","meta":{"_monsterinsights_skip_tracking":false,"_monsterinsights_sitenote_active":false,"_monsterinsights_sitenote_note":"","_monsterinsights_sitenote_category":0,"footnotes":""},"categories":[],"tags":[],"class_list":["post-151","page","type-page","status-publish","hentry"],"yoast_head":"<!-- This site is optimized with the Yoast SEO Premium plugin v25.8 (Yoast SEO v25.9) - https:\/\/yoast.com\/wordpress\/plugins\/seo\/ -->\n<title>Aviso Legal | ProSoftom | Profesional Software for Online Marketing<\/title>\n<meta name=\"robots\" content=\"index, follow, max-snippet:-1, max-image-preview:large, max-video-preview:-1\" \/>\n<link rel=\"canonical\" href=\"https:\/\/prosoftom.com\/es\/aviso-legal\/\" \/>\n<meta property=\"og:locale\" content=\"es_ES\" \/>\n<meta property=\"og:type\" content=\"article\" \/>\n<meta property=\"og:title\" content=\"Aviso Legal\" \/>\n<meta property=\"og:description\" content=\"AVISO LEGAL: CONFORT ECONOMIA, S.A., como responsable de esta web, asume el compromiso de procesar la informaci\u00f3n de los usuarios y clientes con plenas garant\u00edas y cumplir con los requisitos nacionales y europeos que regulan la recopilaci\u00f3n y uso de los datos personales. Esta web, por tanto, cumple rigurosamente con&nbsp;Ley Org\u00e1nica 3\/2018, de 5 de [&hellip;]\" \/>\n<meta property=\"og:url\" content=\"https:\/\/prosoftom.com\/es\/aviso-legal\/\" \/>\n<meta property=\"og:site_name\" content=\"ProSoftom | Profesional Software for Online Marketing\" \/>\n<meta property=\"og:image\" content=\"https:\/\/prosoftom.com\/wp-content\/uploads\/2025\/01\/P.png\" \/>\n\t<meta property=\"og:image:width\" content=\"1024\" \/>\n\t<meta property=\"og:image:height\" content=\"1024\" \/>\n\t<meta property=\"og:image:type\" content=\"image\/png\" \/>\n<meta name=\"twitter:card\" content=\"summary_large_image\" \/>\n<meta name=\"twitter:label1\" content=\"Tiempo de lectura\" \/>\n\t<meta name=\"twitter:data1\" content=\"9 minutos\" \/>\n<script type=\"application\/ld+json\" class=\"yoast-schema-graph\">{\"@context\":\"https:\/\/schema.org\",\"@graph\":[{\"@type\":\"WebPage\",\"@id\":\"https:\/\/prosoftom.com\/es\/aviso-legal\/\",\"url\":\"https:\/\/prosoftom.com\/es\/aviso-legal\/\",\"name\":\"Aviso Legal | ProSoftom | Profesional Software for Online Marketing\",\"isPartOf\":{\"@id\":\"https:\/\/prosoftom.com\/es\/#website\"},\"datePublished\":\"2020-08-24T18:06:19+00:00\",\"breadcrumb\":{\"@id\":\"https:\/\/prosoftom.com\/es\/aviso-legal\/#breadcrumb\"},\"inLanguage\":\"es\",\"potentialAction\":[{\"@type\":\"ReadAction\",\"target\":[\"https:\/\/prosoftom.com\/es\/aviso-legal\/\"]}]},{\"@type\":\"BreadcrumbList\",\"@id\":\"https:\/\/prosoftom.com\/es\/aviso-legal\/#breadcrumb\",\"itemListElement\":[{\"@type\":\"ListItem\",\"position\":1,\"name\":\"Portada\",\"item\":\"https:\/\/prosoftom.com\/es\/\"},{\"@type\":\"ListItem\",\"position\":2,\"name\":\"Aviso Legal\"}]},{\"@type\":\"WebSite\",\"@id\":\"https:\/\/prosoftom.com\/es\/#website\",\"url\":\"https:\/\/prosoftom.com\/es\/\",\"name\":\"ProSoftom\",\"description\":\"ProSoftom: Software y Cursos Expertos para Marketing Online con IA\",\"publisher\":{\"@id\":\"https:\/\/prosoftom.com\/es\/#organization\"},\"alternateName\":\"ProSoftom\",\"potentialAction\":[{\"@type\":\"SearchAction\",\"target\":{\"@type\":\"EntryPoint\",\"urlTemplate\":\"https:\/\/prosoftom.com\/es\/?s={search_term_string}\"},\"query-input\":{\"@type\":\"PropertyValueSpecification\",\"valueRequired\":true,\"valueName\":\"search_term_string\"}}],\"inLanguage\":\"es\"},{\"@type\":\"Organization\",\"@id\":\"https:\/\/prosoftom.com\/es\/#organization\",\"name\":\"ProSoftom\",\"alternateName\":\"ProSoftom\",\"url\":\"https:\/\/prosoftom.com\/es\/\",\"logo\":{\"@type\":\"ImageObject\",\"inLanguage\":\"es\",\"@id\":\"https:\/\/prosoftom.com\/es\/#\/schema\/logo\/image\/\",\"url\":\"https:\/\/prosoftom.com\/wp-content\/uploads\/2025\/03\/logoprosoftom540x170-preferido.png\",\"contentUrl\":\"https:\/\/prosoftom.com\/wp-content\/uploads\/2025\/03\/logoprosoftom540x170-preferido.png\",\"width\":540,\"height\":170,\"caption\":\"ProSoftom\"},\"image\":{\"@id\":\"https:\/\/prosoftom.com\/es\/#\/schema\/logo\/image\/\"}}]}<\/script>\n<!-- \/ Yoast SEO Premium plugin. -->","yoast_head_json":{"title":"Aviso Legal | ProSoftom | Profesional Software for Online Marketing","robots":{"index":"index","follow":"follow","max-snippet":"max-snippet:-1","max-image-preview":"max-image-preview:large","max-video-preview":"max-video-preview:-1"},"canonical":"https:\/\/prosoftom.com\/es\/aviso-legal\/","og_locale":"es_ES","og_type":"article","og_title":"Aviso Legal","og_description":"AVISO LEGAL: CONFORT ECONOMIA, S.A., como responsable de esta web, asume el compromiso de procesar la informaci\u00f3n de los usuarios y clientes con plenas garant\u00edas y cumplir con los requisitos nacionales y europeos que regulan la recopilaci\u00f3n y uso de los datos personales. Esta web, por tanto, cumple rigurosamente con&nbsp;Ley Org\u00e1nica 3\/2018, de 5 de [&hellip;]","og_url":"https:\/\/prosoftom.com\/es\/aviso-legal\/","og_site_name":"ProSoftom | Profesional Software for Online Marketing","og_image":[{"width":1024,"height":1024,"url":"https:\/\/prosoftom.com\/wp-content\/uploads\/2025\/01\/P.png","type":"image\/png"}],"twitter_card":"summary_large_image","twitter_misc":{"Tiempo de lectura":"9 minutos"},"schema":{"@context":"https:\/\/schema.org","@graph":[{"@type":"WebPage","@id":"https:\/\/prosoftom.com\/es\/aviso-legal\/","url":"https:\/\/prosoftom.com\/es\/aviso-legal\/","name":"Aviso Legal | ProSoftom | Profesional Software for Online Marketing","isPartOf":{"@id":"https:\/\/prosoftom.com\/es\/#website"},"datePublished":"2020-08-24T18:06:19+00:00","breadcrumb":{"@id":"https:\/\/prosoftom.com\/es\/aviso-legal\/#breadcrumb"},"inLanguage":"es","potentialAction":[{"@type":"ReadAction","target":["https:\/\/prosoftom.com\/es\/aviso-legal\/"]}]},{"@type":"BreadcrumbList","@id":"https:\/\/prosoftom.com\/es\/aviso-legal\/#breadcrumb","itemListElement":[{"@type":"ListItem","position":1,"name":"Portada","item":"https:\/\/prosoftom.com\/es\/"},{"@type":"ListItem","position":2,"name":"Aviso Legal"}]},{"@type":"WebSite","@id":"https:\/\/prosoftom.com\/es\/#website","url":"https:\/\/prosoftom.com\/es\/","name":"ProSoftom","description":"ProSoftom: Software y Cursos Expertos para Marketing Online con IA","publisher":{"@id":"https:\/\/prosoftom.com\/es\/#organization"},"alternateName":"ProSoftom","potentialAction":[{"@type":"SearchAction","target":{"@type":"EntryPoint","urlTemplate":"https:\/\/prosoftom.com\/es\/?s={search_term_string}"},"query-input":{"@type":"PropertyValueSpecification","valueRequired":true,"valueName":"search_term_string"}}],"inLanguage":"es"},{"@type":"Organization","@id":"https:\/\/prosoftom.com\/es\/#organization","name":"ProSoftom","alternateName":"ProSoftom","url":"https:\/\/prosoftom.com\/es\/","logo":{"@type":"ImageObject","inLanguage":"es","@id":"https:\/\/prosoftom.com\/es\/#\/schema\/logo\/image\/","url":"https:\/\/prosoftom.com\/wp-content\/uploads\/2025\/03\/logoprosoftom540x170-preferido.png","contentUrl":"https:\/\/prosoftom.com\/wp-content\/uploads\/2025\/03\/logoprosoftom540x170-preferido.png","width":540,"height":170,"caption":"ProSoftom"},"image":{"@id":"https:\/\/prosoftom.com\/es\/#\/schema\/logo\/image\/"}}]}},"_hostinger_reach_plugin_has_subscription_block":false,"_hostinger_reach_plugin_is_elementor":false,"_links":{"self":[{"href":"https:\/\/prosoftom.com\/es\/wp-json\/wp\/v2\/pages\/151","targetHints":{"allow":["GET"]}}],"collection":[{"href":"https:\/\/prosoftom.com\/es\/wp-json\/wp\/v2\/pages"}],"about":[{"href":"https:\/\/prosoftom.com\/es\/wp-json\/wp\/v2\/types\/page"}],"author":[{"embeddable":true,"href":"https:\/\/prosoftom.com\/es\/wp-json\/wp\/v2\/users\/2"}],"replies":[{"embeddable":true,"href":"https:\/\/prosoftom.com\/es\/wp-json\/wp\/v2\/comments?post=151"}],"version-history":[{"count":0,"href":"https:\/\/prosoftom.com\/es\/wp-json\/wp\/v2\/pages\/151\/revisions"}],"wp:attachment":[{"href":"https:\/\/prosoftom.com\/es\/wp-json\/wp\/v2\/media?parent=151"}],"wp:term":[{"taxonomy":"category","embeddable":true,"href":"https:\/\/prosoftom.com\/es\/wp-json\/wp\/v2\/categories?post=151"},{"taxonomy":"post_tag","embeddable":true,"href":"https:\/\/prosoftom.com\/es\/wp-json\/wp\/v2\/tags?post=151"}],"curies":[{"name":"wp","href":"https:\/\/api.w.org\/{rel}","templated":true}]}}